{"id":68601,"date":"2024-07-03T17:14:14","date_gmt":"2024-07-03T21:14:14","guid":{"rendered":"https:\/\/www.coupercroiser.com\/?post_type=product&#038;p=68601"},"modified":"2024-07-05T10:11:41","modified_gmt":"2024-07-05T14:11:41","slug":"phylactere-anthra","status":"publish","type":"product","link":"https:\/\/www.coupercroiser.com\/en\/produit\/phylactere-anthra\/","title":{"rendered":"Anthra phylactery"},"content":{"rendered":"<p>Original cut entrance mat.<\/p>\n<p>Anthracite color.<\/p>\n<p>Water-resistant.<\/p>\n<p>Easy to maintain.<\/p>\n<p>Non-slip backing.<\/p>\n<p>8mm thick.<\/p>\n<p>Please allow 1 to 3 weeks for production and delivery.<\/p>","protected":false},"excerpt":{"rendered":"<p>Original cut entrance mat. Anthracite color. Water-resistant. Easy to maintain. Non-slip backing. 8mm thick. Please allow 1 to 3 weeks for production and delivery.<\/p>","protected":false},"featured_media":68628,"template":"","meta":{"_acf_changed":false},"product_brand":[],"product_cat":[100],"product_tag":[],"class_list":{"0":"post-68601","1":"product","2":"type-product","3":"status-publish","4":"has-post-thumbnail","6":"product_cat-uncategorized","7":"pa_taille-14-x-36-en","8":"pa_taille-14-x-54-en","9":"pa_taille-32-x-32-en","10":"pa_taille-32-x-46-en","11":"pa_taille-32-x-64-en","12":"pa_taille-32-x-78-en","13":"pa_taille-46-x-64-en","14":"pa_taille-46x78-en","15":"pa_taille-64x64-en","16":"pa_taille-64x78-en","17":"pa_taille-78x78-en","18":"product-grid-view","20":"first","21":"instock","22":"taxable","23":"shipping-taxable","24":"purchasable","25":"product-type-variable"},"acf":[],"yoast_head":"<!-- This site is optimized with the Yoast SEO plugin v27.5 - https:\/\/yoast.com\/product\/yoast-seo-wordpress\/ -->\n<title>Produit Phylact\u00e8re Anthra, tapis de qualit\u00e9 superieure - Couper Croiser<\/title>\n<meta name=\"description\" content=\"Vous recherchez un produit de phylact\u00e8re anthra, un tapis de qualit\u00e9 sup\u00e9rieure ? Chez Couper Croiser, vous trouverez celui qui vous int\u00e9resse. Achetez-le ici.\" \/>\n<meta name=\"robots\" content=\"index, follow, max-snippet:-1, max-image-preview:large, max-video-preview:-1\" \/>\n<link rel=\"canonical\" href=\"\/en\/https:\/\/www.coupercroiser.com\/en\/produit\/phylactere-anthra\/\/\" \/>\n<meta property=\"og:locale\" content=\"en_US\" \/>\n<meta property=\"og:type\" content=\"article\" \/>\n<meta property=\"og:title\" content=\"Produit Phylact\u00e8re Anthra, tapis de qualit\u00e9 superieure - Couper Croiser\" \/>\n<meta property=\"og:description\" content=\"Vous recherchez un produit de phylact\u00e8re anthra, un tapis de qualit\u00e9 sup\u00e9rieure ? Chez Couper Croiser, vous trouverez celui qui vous int\u00e9resse. Achetez-le ici.\" \/>\n<meta property=\"og:url\" content=\"\/en\/https:\/\/www.coupercroiser.com\/en\/produit\/phylactere-anthra\/\/\" \/>\n<meta property=\"og:site_name\" content=\"Couper Croiser\" \/>\n<meta property=\"article:modified_time\" content=\"2024-07-05T14:11:41+00:00\" \/>\n<meta property=\"og:image\" content=\"https:\/\/www.coupercroiser.com\/wp-content\/uploads\/2024\/07\/Phylactere.webp\" \/>\n\t<meta property=\"og:image:width\" content=\"1606\" \/>\n\t<meta property=\"og:image:height\" content=\"2175\" \/>\n\t<meta property=\"og:image:type\" content=\"image\/webp\" \/>\n<meta name=\"twitter:card\" content=\"summary_large_image\" \/>\n<meta name=\"twitter:label1\" content=\"Est. reading time\" \/>\n\t<meta name=\"twitter:data1\" content=\"1 minute\" \/>\n<script type=\"application\/ld+json\" class=\"yoast-schema-graph\">{\"@context\":\"https:\\\/\\\/schema.org\",\"@graph\":[{\"@type\":\"WebPage\",\"@id\":\"https:\\\/\\\/www.coupercroiser.com\\\/en\\\/produit\\\/phylactere-anthra\\\/\",\"url\":\"https:\\\/\\\/www.coupercroiser.com\\\/en\\\/produit\\\/phylactere-anthra\\\/\",\"name\":\"Produit Phylact\u00e8re Anthra, tapis de qualit\u00e9 superieure - Couper Croiser\",\"isPartOf\":{\"@id\":\"https:\\\/\\\/www.coupercroiser.com\\\/en\\\/#website\"},\"primaryImageOfPage\":{\"@id\":\"https:\\\/\\\/www.coupercroiser.com\\\/en\\\/produit\\\/phylactere-anthra\\\/#primaryimage\"},\"image\":{\"@id\":\"https:\\\/\\\/www.coupercroiser.com\\\/en\\\/produit\\\/phylactere-anthra\\\/#primaryimage\"},\"thumbnailUrl\":\"https:\\\/\\\/www.coupercroiser.com\\\/wp-content\\\/uploads\\\/2024\\\/07\\\/Phylactere-new-size.webp\",\"datePublished\":\"2024-07-03T21:14:14+00:00\",\"dateModified\":\"2024-07-05T14:11:41+00:00\",\"description\":\"Vous recherchez un produit de phylact\u00e8re anthra, un tapis de qualit\u00e9 sup\u00e9rieure ? Chez Couper Croiser, vous trouverez celui qui vous int\u00e9resse. Achetez-le ici.\",\"breadcrumb\":{\"@id\":\"https:\\\/\\\/www.coupercroiser.com\\\/en\\\/produit\\\/phylactere-anthra\\\/#breadcrumb\"},\"inLanguage\":\"en-CA\",\"potentialAction\":[{\"@type\":\"ReadAction\",\"target\":[\"https:\\\/\\\/www.coupercroiser.com\\\/en\\\/produit\\\/phylactere-anthra\\\/\"]}]},{\"@type\":\"ImageObject\",\"inLanguage\":\"en-CA\",\"@id\":\"https:\\\/\\\/www.coupercroiser.com\\\/en\\\/produit\\\/phylactere-anthra\\\/#primaryimage\",\"url\":\"https:\\\/\\\/www.coupercroiser.com\\\/wp-content\\\/uploads\\\/2024\\\/07\\\/Phylactere-new-size.webp\",\"contentUrl\":\"https:\\\/\\\/www.coupercroiser.com\\\/wp-content\\\/uploads\\\/2024\\\/07\\\/Phylactere-new-size.webp\",\"width\":369,\"height\":500},{\"@type\":\"BreadcrumbList\",\"@id\":\"https:\\\/\\\/www.coupercroiser.com\\\/en\\\/produit\\\/phylactere-anthra\\\/#breadcrumb\",\"itemListElement\":[{\"@type\":\"ListItem\",\"position\":1,\"name\":\"Accueil\",\"item\":\"https:\\\/\\\/www.coupercroiser.com\\\/en\\\/\"},{\"@type\":\"ListItem\",\"position\":2,\"name\":\"Boutique\",\"item\":\"https:\\\/\\\/www.coupercroiser.com\\\/boutique\\\/\"},{\"@type\":\"ListItem\",\"position\":3,\"name\":\"Anthra phylactery\"}]},{\"@type\":\"WebSite\",\"@id\":\"https:\\\/\\\/www.coupercroiser.com\\\/en\\\/#website\",\"url\":\"https:\\\/\\\/www.coupercroiser.com\\\/en\\\/\",\"name\":\"Couper Croiser\",\"description\":\"\",\"potentialAction\":[{\"@type\":\"SearchAction\",\"target\":{\"@type\":\"EntryPoint\",\"urlTemplate\":\"https:\\\/\\\/www.coupercroiser.com\\\/en\\\/?s={search_term_string}\"},\"query-input\":{\"@type\":\"PropertyValueSpecification\",\"valueRequired\":true,\"valueName\":\"search_term_string\"}}],\"inLanguage\":\"en-CA\"}]}<\/script>\n<!-- \/ Yoast SEO plugin. -->","yoast_head_json":{"title":"Produit Phylact\u00e8re Anthra, tapis de qualit\u00e9 superieure - Couper Croiser","description":"Vous recherchez un produit de phylact\u00e8re anthra, un tapis de qualit\u00e9 sup\u00e9rieure ? Chez Couper Croiser, vous trouverez celui qui vous int\u00e9resse. Achetez-le ici.","robots":{"index":"index","follow":"follow","max-snippet":"max-snippet:-1","max-image-preview":"max-image-preview:large","max-video-preview":"max-video-preview:-1"},"canonical":"\/en\/https:\/\/www.coupercroiser.com\/en\/produit\/phylactere-anthra\/\/","og_locale":"en_US","og_type":"article","og_title":"Produit Phylact\u00e8re Anthra, tapis de qualit\u00e9 superieure - Couper Croiser","og_description":"Vous recherchez un produit de phylact\u00e8re anthra, un tapis de qualit\u00e9 sup\u00e9rieure ? Chez Couper Croiser, vous trouverez celui qui vous int\u00e9resse. Achetez-le ici.","og_url":"\/en\/https:\/\/www.coupercroiser.com\/en\/produit\/phylactere-anthra\/\/","og_site_name":"Couper Croiser","article_modified_time":"2024-07-05T14:11:41+00:00","og_image":[{"width":1606,"height":2175,"url":"https:\/\/www.coupercroiser.com\/wp-content\/uploads\/2024\/07\/Phylactere.webp","type":"image\/webp"}],"twitter_card":"summary_large_image","twitter_misc":{"Est. reading time":"1 minute"},"schema":{"@context":"https:\/\/schema.org","@graph":[{"@type":"WebPage","@id":"https:\/\/www.coupercroiser.com\/en\/produit\/phylactere-anthra\/","url":"https:\/\/www.coupercroiser.com\/en\/produit\/phylactere-anthra\/","name":"Produit Phylact\u00e8re Anthra, tapis de qualit\u00e9 superieure - Couper Croiser","isPartOf":{"@id":"https:\/\/www.coupercroiser.com\/en\/#website"},"primaryImageOfPage":{"@id":"https:\/\/www.coupercroiser.com\/en\/produit\/phylactere-anthra\/#primaryimage"},"image":{"@id":"https:\/\/www.coupercroiser.com\/en\/produit\/phylactere-anthra\/#primaryimage"},"thumbnailUrl":"https:\/\/www.coupercroiser.com\/wp-content\/uploads\/2024\/07\/Phylactere-new-size.webp","datePublished":"2024-07-03T21:14:14+00:00","dateModified":"2024-07-05T14:11:41+00:00","description":"Vous recherchez un produit de phylact\u00e8re anthra, un tapis de qualit\u00e9 sup\u00e9rieure ? Chez Couper Croiser, vous trouverez celui qui vous int\u00e9resse. Achetez-le ici.","breadcrumb":{"@id":"https:\/\/www.coupercroiser.com\/en\/produit\/phylactere-anthra\/#breadcrumb"},"inLanguage":"en-CA","potentialAction":[{"@type":"ReadAction","target":["https:\/\/www.coupercroiser.com\/en\/produit\/phylactere-anthra\/"]}]},{"@type":"ImageObject","inLanguage":"en-CA","@id":"https:\/\/www.coupercroiser.com\/en\/produit\/phylactere-anthra\/#primaryimage","url":"https:\/\/www.coupercroiser.com\/wp-content\/uploads\/2024\/07\/Phylactere-new-size.webp","contentUrl":"https:\/\/www.coupercroiser.com\/wp-content\/uploads\/2024\/07\/Phylactere-new-size.webp","width":369,"height":500},{"@type":"BreadcrumbList","@id":"https:\/\/www.coupercroiser.com\/en\/produit\/phylactere-anthra\/#breadcrumb","itemListElement":[{"@type":"ListItem","position":1,"name":"Accueil","item":"https:\/\/www.coupercroiser.com\/en\/"},{"@type":"ListItem","position":2,"name":"Boutique","item":"https:\/\/www.coupercroiser.com\/boutique\/"},{"@type":"ListItem","position":3,"name":"Anthra phylactery"}]},{"@type":"WebSite","@id":"https:\/\/www.coupercroiser.com\/en\/#website","url":"https:\/\/www.coupercroiser.com\/en\/","name":"Couper Croiser","description":"","potentialAction":[{"@type":"SearchAction","target":{"@type":"EntryPoint","urlTemplate":"https:\/\/www.coupercroiser.com\/en\/?s={search_term_string}"},"query-input":{"@type":"PropertyValueSpecification","valueRequired":true,"valueName":"search_term_string"}}],"inLanguage":"en-CA"}]}},"_links":{"self":[{"href":"https:\/\/www.coupercroiser.com\/en\/wp-json\/wp\/v2\/product\/68601","targetHints":{"allow":["GET"]}}],"collection":[{"href":"https:\/\/www.coupercroiser.com\/en\/wp-json\/wp\/v2\/product"}],"about":[{"href":"https:\/\/www.coupercroiser.com\/en\/wp-json\/wp\/v2\/types\/product"}],"wp:featuredmedia":[{"embeddable":true,"href":"https:\/\/www.coupercroiser.com\/en\/wp-json\/wp\/v2\/media\/68628"}],"wp:attachment":[{"href":"https:\/\/www.coupercroiser.com\/en\/wp-json\/wp\/v2\/media?parent=68601"}],"wp:term":[{"taxonomy":"product_brand","embeddable":true,"href":"https:\/\/www.coupercroiser.com\/en\/wp-json\/wp\/v2\/product_brand?post=68601"},{"taxonomy":"product_cat","embeddable":true,"href":"https:\/\/www.coupercroiser.com\/en\/wp-json\/wp\/v2\/product_cat?post=68601"},{"taxonomy":"product_tag","embeddable":true,"href":"https:\/\/www.coupercroiser.com\/en\/wp-json\/wp\/v2\/product_tag?post=68601"}],"curies":[{"name":"wp","href":"https:\/\/api.w.org\/{rel}","templated":true}]}}